{"id":689,"date":"2023-10-25T17:02:53","date_gmt":"2023-10-25T17:02:53","guid":{"rendered":"https:\/\/colindme.com\/?page_id=689"},"modified":"2023-10-25T17:38:30","modified_gmt":"2023-10-25T17:38:30","slug":"cambiarme-de-seguro-medico","status":"publish","type":"page","link":"https:\/\/colindme.com\/en\/cambiarme-de-seguro-medico\/","title":{"rendered":"Health Insurance Change"},"content":{"rendered":"<div data-colibri-id=\"689-c1\" class=\"style-484 style-local-689-c1 position-relative\">\n  <!---->\n  <div data-colibri-component=\"section\" data-colibri-id=\"689-c2\" id=\"custom\" class=\"h-section h-section-global-spacing d-flex align-items-lg-center align-items-md-center align-items-center style-485 style-local-689-c2 position-relative\">\n    <!---->\n    <!---->\n    <div class=\"h-section-grid-container h-section-boxed-container\">\n      <!---->\n      <div data-colibri-id=\"689-c10\" class=\"h-row-container gutters-row-lg-0 gutters-row-md-0 gutters-row-0 gutters-row-v-lg-0 gutters-row-v-md-0 gutters-row-v-0 style-493 style-local-689-c10 position-relative\">\n        <!---->\n        <div class=\"h-row justify-content-lg-center justify-content-md-center justify-content-center align-items-lg-stretch align-items-md-stretch align-items-stretch gutters-col-lg-0 gutters-col-md-0 gutters-col-0 gutters-col-v-lg-0 gutters-col-v-md-0 gutters-col-v-0\">\n          <!---->\n          <div class=\"h-column h-column-container d-flex h-col-lg-auto h-col-md-auto h-col-auto style-494-outer style-local-689-c11-outer\">\n            <div data-colibri-id=\"689-c11\" class=\"d-flex h-flex-basis h-column__inner h-px-lg-1 h-px-md-1 h-px-1 v-inner-lg-1 v-inner-md-1 v-inner-1 style-494 style-local-689-c11 position-relative\">\n              <!---->\n              <!---->\n              <div class=\"w-100 h-y-container h-column__content h-column__v-align flex-basis-100 align-self-lg-start align-self-md-start align-self-start\">\n                <!---->\n                <div data-colibri-id=\"689-c12\" class=\"h-global-transition-all h-heading style-495 style-local-689-c12 position-relative h-element\">\n                  <!---->\n                  <div class=\"h-heading__outer style-495 style-local-689-c12\">\n                    <!---->\n                    <!---->\n                    <h1 class=\"\">HOW CAN I CHANGE MY HEALTH INSURANCE?<\/h1>\n                  <\/div>\n                <\/div>\n              <\/div>\n            <\/div>\n          <\/div>\n        <\/div>\n      <\/div>\n      <div data-colibri-id=\"689-c3\" class=\"h-row-container gutters-row-lg-2 gutters-row-md-2 gutters-row-0 gutters-row-v-lg-2 gutters-row-v-md-2 gutters-row-v-2 style-486 style-local-689-c3 position-relative\">\n        <!---->\n        <div class=\"h-row justify-content-lg-center justify-content-md-center justify-content-center align-items-lg-stretch align-items-md-stretch align-items-stretch gutters-col-lg-2 gutters-col-md-2 gutters-col-0 gutters-col-v-lg-2 gutters-col-v-md-2 gutters-col-v-2\">\n          <!---->\n          <div class=\"h-column h-column-container d-flex h-col-lg-auto h-col-md-auto h-col-auto style-487-outer style-local-689-c4-outer\">\n            <div data-colibri-id=\"689-c4\" class=\"d-flex h-flex-basis h-column__inner h-px-lg-2 h-px-md-2 h-px-2 v-inner-lg-2 v-inner-md-2 v-inner-2 style-487 style-local-689-c4 position-relative\">\n              <!---->\n              <!---->\n              <div class=\"w-100 h-y-container h-column__content h-column__v-align flex-basis-100 align-self-lg-start align-self-md-start align-self-start\">\n                <!---->\n                <div data-colibri-id=\"689-c7\" class=\"d-block style-490 style-local-689-c7 position-relative h-element\">\n                  <!---->\n                  <div class=\"h-image__frame-container-outer\">\n                    <a href=\"https:\/\/www.yourtexasbenefits.com\/Learn\/Home\" h-use-smooth-scroll=\"true\" class=\"image-link\" target=\"_blank\" rel=\"noopener\">\n                      <div class=\"h-image__frame-container\">\n                        <!---->\n                        <!---->\n                        <img fetchpriority=\"high\" decoding=\"async\" width=\"900\" height=\"752\" src=\"https:\/\/colindme.com\/wp-content\/uploads\/2023\/10\/cropped-Diseno-sin-titulo-1.png\" class=\"wp-image-694 style-490-image style-local-689-c7-image\" alt=\"\" srcset=\"https:\/\/colindme.com\/wp-content\/uploads\/2023\/10\/cropped-Diseno-sin-titulo-1.png 900w, https:\/\/colindme.com\/wp-content\/uploads\/2023\/10\/cropped-Diseno-sin-titulo-1-300x251.png 300w, https:\/\/colindme.com\/wp-content\/uploads\/2023\/10\/cropped-Diseno-sin-titulo-1-768x642.png 768w, https:\/\/colindme.com\/wp-content\/uploads\/2023\/10\/cropped-Diseno-sin-titulo-1-14x12.png 14w\" sizes=\"(max-width: 900px) 100vw, 900px\" \/>\n                        <div class=\"h-image__frame h-hide-lg h-hide-md h-hide-sm style-490-frameImage style-local-689-c7-frameImage\"><\/div>\n                      <\/div>\n                    <\/a>\n                  <\/div>\n                <\/div>\n              <\/div>\n            <\/div>\n          <\/div>\n          <div class=\"h-column h-column-container d-flex h-col-lg-auto h-col-md-auto h-col-auto style-488-outer style-local-689-c5-outer\">\n            <div data-colibri-id=\"689-c5\" class=\"d-flex h-flex-basis h-column__inner h-px-lg-2 h-px-md-2 h-px-2 v-inner-lg-2 v-inner-md-2 v-inner-2 style-488 style-local-689-c5 position-relative\">\n              <!---->\n              <!---->\n              <div class=\"w-100 h-y-container h-column__content h-column__v-align flex-basis-100 align-self-lg-start align-self-md-start align-self-start\">\n                <!---->\n                <div data-colibri-id=\"689-c6\" class=\"h-text h-text-component style-489 style-local-689-c6 position-relative h-element\">\n                  <!---->\n                  <!---->\n                  <div class=\"\">\n                    <p>You have the freedom to change your health insurance as needed. However, it's important to know that if you are making this change to access medical products, receive assistance with incontinence, or start medical therapies, there is a process you should consider.<\/p>\n                    <p>When you change your health insurance, the Medicaid system, which provides assistance for these services, needs to be updated with the information of your new health insurance. This is essential to ensure a smooth transition and continuous access to the services you need.<\/p>\n                    <p>Please note that this update process may take some time, typically from three weeks to a month. During this period, you may need to wait a bit while your new health insurance is registered in the Medicaid system.<\/p>\n                    <p>It's important to be prepared for this transition period and take the necessary steps to ensure that your healthcare needs continue to be met without interruption.<\/p>\n                    <p>Planning your health insurance change with consideration of this update process is essential to ensure a smooth transition and the continuity of your healthcare.<\/p>\n                    <p>\n                      <br>\n                    <\/p>\n                  <\/div>\n                <\/div>\n                <div data-colibri-id=\"689-c8\" class=\"h-x-container style-491 style-local-689-c8 position-relative h-element\">\n                  <!---->\n                  <div class=\"h-x-container-inner style-dynamic-689-c8-group style-491-spacing style-local-689-c8-spacing\"><span class=\"h-button__outer style-492-outer style-local-689-c9-outer d-inline-flex h-element\"><a h-use-smooth-scroll=\"true\" href=\"https:\/\/www.yourtexasbenefits.com\/Learn\/Home\" data-colibri-id=\"689-c9\" class=\"d-flex w-100 align-items-center h-button justify-content-lg-center justify-content-md-center justify-content-center style-492 style-local-689-c9 position-relative\" target=\"_blank\" rel=\"noopener\"><!----><!----> <span>I WANT TO CHANGE MY INSURANCE<\/span><\/a>\n                    <\/span>\n                  <\/div>\n                <\/div>\n              <\/div>\n            <\/div>\n          <\/div>\n        <\/div>\n      <\/div>\n    <\/div>\n  <\/div>\n<\/div>","protected":false},"excerpt":{"rendered":"<p>\u00bfC\u00d3MO CAMBIARME DE SEGURO M\u00c9DICO? Usted tiene la libertad de cambiar su seguro m\u00e9dico seg\u00fan su necesidad. Sin embargo, es importante saber que si est\u00e1 haciendo este cambio para acceder a productos m\u00e9dicos, recibir asistencia con la incontinencia o comenzar terapias m\u00e9dicas, hay un proceso que debe tener en cuenta. Cuando cambie su seguro m\u00e9dico, [&hellip;]<\/p>","protected":false},"author":1,"featured_media":0,"parent":0,"menu_order":0,"comment_status":"closed","ping_status":"closed","template":"page-templates\/full-width-page.php","meta":{"footnotes":""},"class_list":["post-689","page","type-page","status-publish","hentry"],"_links":{"self":[{"href":"https:\/\/colindme.com\/en\/wp-json\/wp\/v2\/pages\/689","targetHints":{"allow":["GET"]}}],"collection":[{"href":"https:\/\/colindme.com\/en\/wp-json\/wp\/v2\/pages"}],"about":[{"href":"https:\/\/colindme.com\/en\/wp-json\/wp\/v2\/types\/page"}],"author":[{"embeddable":true,"href":"https:\/\/colindme.com\/en\/wp-json\/wp\/v2\/users\/1"}],"replies":[{"embeddable":true,"href":"https:\/\/colindme.com\/en\/wp-json\/wp\/v2\/comments?post=689"}],"version-history":[{"count":4,"href":"https:\/\/colindme.com\/en\/wp-json\/wp\/v2\/pages\/689\/revisions"}],"predecessor-version":[{"id":710,"href":"https:\/\/colindme.com\/en\/wp-json\/wp\/v2\/pages\/689\/revisions\/710"}],"wp:attachment":[{"href":"https:\/\/colindme.com\/en\/wp-json\/wp\/v2\/media?parent=689"}],"curies":[{"name":"wp","href":"https:\/\/api.w.org\/{rel}","templated":true}]}}