{"id":271,"date":"2023-03-05T00:55:20","date_gmt":"2023-03-05T00:55:20","guid":{"rendered":"https:\/\/colindme.com\/?page_id=271"},"modified":"2024-12-17T22:29:59","modified_gmt":"2024-12-17T22:29:59","slug":"about-us","status":"publish","type":"page","link":"https:\/\/colindme.com\/en\/about-us\/","title":{"rendered":"About us"},"content":{"rendered":"<div data-colibri-id=\"271-c1\" class=\"style-406 style-local-271-c1 position-relative\">\n  <!---->\n  <div data-colibri-component=\"section\" data-colibri-id=\"271-c2\" id=\"custom\" class=\"h-section h-section-global-spacing d-flex align-items-lg-center align-items-md-center align-items-center style-407 style-local-271-c2 position-relative\">\n    <!---->\n    <!---->\n    <div class=\"h-section-grid-container h-section-boxed-container\">\n      <!---->\n      <div data-colibri-id=\"271-c3\" class=\"h-row-container gutters-row-lg-2 gutters-row-md-2 gutters-row-0 gutters-row-v-lg-2 gutters-row-v-md-2 gutters-row-v-2 style-408 style-local-271-c3 position-relative\">\n        <!---->\n        <div class=\"h-row justify-content-lg-center justify-content-md-center justify-content-center align-items-lg-stretch align-items-md-stretch align-items-stretch gutters-col-lg-2 gutters-col-md-2 gutters-col-0 gutters-col-v-lg-2 gutters-col-v-md-2 gutters-col-v-2\">\n          <!---->\n          <div class=\"h-column h-column-container d-flex h-col-lg-auto h-col-md-auto h-col-auto style-409-outer style-local-271-c4-outer\">\n            <div data-colibri-id=\"271-c4\" class=\"d-flex h-flex-basis h-column__inner h-px-lg-2 h-px-md-2 h-px-2 v-inner-lg-2 v-inner-md-2 v-inner-2 style-409 style-local-271-c4 position-relative\">\n              <!---->\n              <!---->\n              <div class=\"w-100 h-y-container h-column__content h-column__v-align flex-basis-100 align-self-lg-start align-self-md-start align-self-start\">\n                <!---->\n                <div data-colibri-id=\"271-c5\" class=\"h-text h-text-component style-410 style-local-271-c5 position-relative h-element\">\n                  <!---->\n                  <!---->\n                  <div class=\"\">\n                    <p>Who are we and what do we do?<\/p>\n                  <\/div>\n                <\/div>\n              <\/div>\n            <\/div>\n          <\/div>\n        <\/div>\n      <\/div>\n    <\/div>\n  <\/div>\n  <div data-colibri-component=\"section\" data-colibri-id=\"271-c6\" id=\"about\" class=\"h-section h-section-global-spacing d-flex align-items-lg-center align-items-md-center align-items-center style-411 style-local-271-c6 position-relative\">\n    <!---->\n    <!---->\n    <div class=\"h-section-grid-container h-section-boxed-container\">\n      <!---->\n      <div data-colibri-id=\"271-c7\" class=\"h-row-container gutters-row-lg-0 gutters-row-md-0 gutters-row-0 gutters-row-v-lg-0 gutters-row-v-md-0 gutters-row-v-0 style-412 style-local-271-c7 position-relative\">\n        <!---->\n        <div class=\"h-row justify-content-lg-center justify-content-md-center justify-content-center align-items-lg-stretch align-items-md-stretch align-items-stretch gutters-col-lg-0 gutters-col-md-0 gutters-col-0 gutters-col-v-lg-0 gutters-col-v-md-0 gutters-col-v-0\">\n          <!---->\n          <div class=\"h-column h-column-container d-flex h-col-lg-auto h-col-md-auto h-col-auto style-413-outer style-local-271-c8-outer\">\n            <div data-colibri-id=\"271-c8\" class=\"d-flex h-flex-basis h-column__inner h-ui-empty-state-container h-px-lg-0 h-px-md-0 h-px-0 v-inner-lg-0 v-inner-md-0 v-inner-0 style-413 style-local-271-c8 position-relative\">\n              <!---->\n              <!---->\n              <div class=\"w-100 h-y-container h-column__content h-column__v-align flex-basis-100\">\n                <!---->\n              <\/div>\n            <\/div>\n          <\/div>\n          <div class=\"h-column h-column-container d-flex h-col-lg-auto h-col-md-auto h-col-auto style-414-outer style-local-271-c9-outer\">\n            <div data-colibri-id=\"271-c9\" class=\"d-flex h-flex-basis h-column__inner h-px-lg-2 h-px-md-2 h-px-2 v-inner-lg-2 v-inner-md-2 v-inner-2 style-414 style-local-271-c9 position-relative\">\n              <!---->\n              <!---->\n              <div class=\"w-100 h-y-container h-column__content h-column__v-align flex-basis-100 align-self-lg-start align-self-md-start align-self-start\">\n                <!---->\n                <div data-colibri-id=\"271-c10\" class=\"h-global-transition-all h-heading style-415 style-local-271-c10 position-relative h-element\">\n                  <!---->\n                  <div class=\"h-heading__outer style-415 style-local-271-c10\">\n                    <!---->\n                    <!---->\n                    <h5 class=\"\">Who are we and what do we do?<\/h5>\n                  <\/div>\n                <\/div>\n                <div data-colibri-id=\"271-c11\" class=\"h-global-transition-all h-heading style-416 style-local-271-c11 position-relative h-element\">\n                  <!---->\n                  <div class=\"h-heading__outer style-416 style-local-271-c11\">\n                    <!---->\n                    <!---->\n                    <h2 class=\"\">Colin DME<\/h2>\n                  <\/div>\n                <\/div>\n                <div data-colibri-id=\"271-c12\" class=\"h-text h-text-component style-417 style-local-271-c12 position-relative h-element\">\n                  <!---->\n                  <!---->\n                  <div class=\"\">\n                    <p>is a type of benefit that helps cover the cost of medically necessary equipment used in the home. This equipment is intended to help patients with a chronic illness or disability improve their quality of life and independence.\n                      of life and independence.<\/p>\n                    <p>Some examples include diapers, Pull Ups, walkers, sugar checkers, wipes, feminine pads or liners, etc., etc.<\/p>\n                    <p>The scope of coverage and the specific items that are covered by Colin DME may vary depending on the specific health insurance plan.<\/p>\n                  <\/div>\n                <\/div>\n              <\/div>\n            <\/div>\n          <\/div>\n        <\/div>\n      <\/div>\n    <\/div>\n  <\/div>\n<\/div>","protected":false},"excerpt":{"rendered":"<p>\u00bfQui\u00e9nes somos y qu\u00e9 hacemos? \u00bfQui\u00e9nes somos y qu\u00e9 hacemos? Colin DME es un tipo de beneficio que ayuda a cubrir el costo del equipo que se utiliza en el hogar y que son m\u00e9dicamente necesario. Este equipo est\u00e1 destinado a ayudar a los pacientes con una enfermedad cr\u00f3nica o discapacidad a mejorar su calidad [&hellip;]<\/p>","protected":false},"author":1,"featured_media":0,"parent":0,"menu_order":1,"comment_status":"closed","ping_status":"closed","template":"page-templates\/full-width-page.php","meta":{"footnotes":""},"class_list":["post-271","page","type-page","status-publish","hentry"],"_links":{"self":[{"href":"https:\/\/colindme.com\/en\/wp-json\/wp\/v2\/pages\/271","targetHints":{"allow":["GET"]}}],"collection":[{"href":"https:\/\/colindme.com\/en\/wp-json\/wp\/v2\/pages"}],"about":[{"href":"https:\/\/colindme.com\/en\/wp-json\/wp\/v2\/types\/page"}],"author":[{"embeddable":true,"href":"https:\/\/colindme.com\/en\/wp-json\/wp\/v2\/users\/1"}],"replies":[{"embeddable":true,"href":"https:\/\/colindme.com\/en\/wp-json\/wp\/v2\/comments?post=271"}],"version-history":[{"count":12,"href":"https:\/\/colindme.com\/en\/wp-json\/wp\/v2\/pages\/271\/revisions"}],"predecessor-version":[{"id":849,"href":"https:\/\/colindme.com\/en\/wp-json\/wp\/v2\/pages\/271\/revisions\/849"}],"wp:attachment":[{"href":"https:\/\/colindme.com\/en\/wp-json\/wp\/v2\/media?parent=271"}],"curies":[{"name":"wp","href":"https:\/\/api.w.org\/{rel}","templated":true}]}}